{"id":2,"date":"2024-02-13T16:41:33","date_gmt":"2024-02-13T15:41:33","guid":{"rendered":"http:\/\/lesparkingsdeladurance.fr\/?page_id=2"},"modified":"2024-02-15T10:52:27","modified_gmt":"2024-02-15T09:52:27","slug":"tarifs-mensuels","status":"publish","type":"page","link":"https:\/\/lesparkingsdeladurance.fr\/index.php\/tarifs-mensuels\/","title":{"rendered":"Tarifs (mensuels) :"},"content":{"rendered":"<p><strong>Nos places traditionnelles :<\/strong><\/p>\n<ul>\n<li>Grande place voiture (berline : Golf, Laguna, Audi A3\u2026) : 120 \u20ac<\/li>\n<li>Petite place voiture (citadine\u00a0: Fiat 500, Clio, Twingo\u2026)\u00a0: 90 \u20ac<\/li>\n<li>Place modulable (2 petites voitures ou 1 grande voiture et 1 moto)\u00a0: \u00a0180 \u20ac<\/li>\n<li>Place moto : 60 \u20ac<\/li>\n<\/ul>\n<p><strong>Nos places avec bornes de recharge :<\/strong><\/p>\n<ul>\n<li>Place \u00e9lectrique voiture\u00a0: 150 \u20ac<\/li>\n<li>Place \u00e9lectrique moto : 80 \u20ac<\/li>\n<\/ul>\n<p><strong>Nos box traditionnels :<\/strong><\/p>\n<ul>\n<li>Box voiture : 150 \u20ac<\/li>\n<li><span style=\"font-size: 1rem;\">Box 2 roues collectif moto\u00a0: 50 \u20ac<\/span><\/li>\n<li>Box 2 roues collectif v\u00e9lo\u00a0: 40 \u20ac<\/li>\n<\/ul>\n","protected":false},"excerpt":{"rendered":"<p>Nos places traditionnelles : Grande place voiture (berline : Golf, Laguna, Audi A3\u2026) : 120 \u20ac Petite place voiture (citadine\u00a0: Fiat 500, Clio, Twingo\u2026)\u00a0: 90 \u20ac Place modulable (2 petites voitures ou 1 grande voiture et 1 moto)\u00a0: \u00a0180 \u20ac Place moto : 60 \u20ac Nos places avec bornes de recharge : Place \u00e9lectrique voiture\u00a0: &hellip; <\/p>\n<p class=\"link-more\"><a href=\"https:\/\/lesparkingsdeladurance.fr\/index.php\/tarifs-mensuels\/\" class=\"more-link\">Continuer la lecture<span class=\"screen-reader-text\"> de &laquo;&nbsp;Tarifs (mensuels) :&nbsp;&raquo;<\/span><\/a><\/p>\n","protected":false},"author":1,"featured_media":38,"parent":0,"menu_order":0,"comment_status":"closed","ping_status":"open","template":"","meta":{"footnotes":""},"class_list":["post-2","page","type-page","status-publish","has-post-thumbnail","hentry"],"yoast_head":"<!-- This site is optimized with the Yoast SEO plugin v27.3 - https:\/\/yoast.com\/product\/yoast-seo-wordpress\/ -->\n<title>Tarifs (mensuels) : tarifs mensuels - Les parkings de la Durance<\/title>\n<meta name=\"description\" content=\"Retrouvez nos tarifs pour vos place de stationnement aux parkings s\u00e9curis\u00e9s de la Durance \u00e0 Paris dans le 12\u00e8me arrondissement.\" \/>\n<meta name=\"robots\" content=\"index, follow, max-snippet:-1, max-image-preview:large, max-video-preview:-1\" \/>\n<link rel=\"canonical\" href=\"https:\/\/lesparkingsdeladurance.fr\/index.php\/tarifs-mensuels\/\" \/>\n<meta property=\"og:locale\" content=\"fr_FR\" \/>\n<meta property=\"og:type\" content=\"article\" \/>\n<meta property=\"og:title\" content=\"Tarifs (mensuels) : tarifs mensuels - Les parkings de la Durance\" \/>\n<meta property=\"og:description\" content=\"Retrouvez nos tarifs pour vos place de stationnement aux parkings s\u00e9curis\u00e9s de la Durance \u00e0 Paris dans le 12\u00e8me arrondissement.\" \/>\n<meta property=\"og:url\" content=\"https:\/\/lesparkingsdeladurance.fr\/index.php\/tarifs-mensuels\/\" \/>\n<meta property=\"og:site_name\" content=\"Les parkings de la Durance\" \/>\n<meta property=\"article:modified_time\" content=\"2024-02-15T09:52:27+00:00\" \/>\n<meta property=\"og:image\" content=\"https:\/\/lesparkingsdeladurance.fr\/wp-content\/uploads\/2024\/02\/visuel-2-bis-pour-site.jpg\" \/>\n\t<meta property=\"og:image:width\" content=\"1865\" \/>\n\t<meta property=\"og:image:height\" content=\"954\" \/>\n\t<meta property=\"og:image:type\" content=\"image\/jpeg\" \/>\n<meta name=\"twitter:card\" content=\"summary_large_image\" \/>\n<meta name=\"twitter:label1\" content=\"Dur\u00e9e de lecture estim\u00e9e\" \/>\n\t<meta name=\"twitter:data1\" content=\"1 minute\" \/>\n<script type=\"application\/ld+json\" class=\"yoast-schema-graph\">{\"@context\":\"https:\\\/\\\/schema.org\",\"@graph\":[{\"@type\":\"WebPage\",\"@id\":\"https:\\\/\\\/lesparkingsdeladurance.fr\\\/index.php\\\/tarifs-mensuels\\\/\",\"url\":\"https:\\\/\\\/lesparkingsdeladurance.fr\\\/index.php\\\/tarifs-mensuels\\\/\",\"name\":\"Tarifs (mensuels) : tarifs mensuels - Les parkings de la Durance\",\"isPartOf\":{\"@id\":\"https:\\\/\\\/lesparkingsdeladurance.fr\\\/#website\"},\"primaryImageOfPage\":{\"@id\":\"https:\\\/\\\/lesparkingsdeladurance.fr\\\/index.php\\\/tarifs-mensuels\\\/#primaryimage\"},\"image\":{\"@id\":\"https:\\\/\\\/lesparkingsdeladurance.fr\\\/index.php\\\/tarifs-mensuels\\\/#primaryimage\"},\"thumbnailUrl\":\"https:\\\/\\\/lesparkingsdeladurance.fr\\\/wp-content\\\/uploads\\\/2024\\\/02\\\/visuel-2-bis-pour-site.jpg\",\"datePublished\":\"2024-02-13T15:41:33+00:00\",\"dateModified\":\"2024-02-15T09:52:27+00:00\",\"description\":\"Retrouvez nos tarifs pour vos place de stationnement aux parkings s\u00e9curis\u00e9s de la Durance \u00e0 Paris dans le 12\u00e8me arrondissement.\",\"breadcrumb\":{\"@id\":\"https:\\\/\\\/lesparkingsdeladurance.fr\\\/index.php\\\/tarifs-mensuels\\\/#breadcrumb\"},\"inLanguage\":\"fr-FR\",\"potentialAction\":[{\"@type\":\"ReadAction\",\"target\":[\"https:\\\/\\\/lesparkingsdeladurance.fr\\\/index.php\\\/tarifs-mensuels\\\/\"]}]},{\"@type\":\"ImageObject\",\"inLanguage\":\"fr-FR\",\"@id\":\"https:\\\/\\\/lesparkingsdeladurance.fr\\\/index.php\\\/tarifs-mensuels\\\/#primaryimage\",\"url\":\"https:\\\/\\\/lesparkingsdeladurance.fr\\\/wp-content\\\/uploads\\\/2024\\\/02\\\/visuel-2-bis-pour-site.jpg\",\"contentUrl\":\"https:\\\/\\\/lesparkingsdeladurance.fr\\\/wp-content\\\/uploads\\\/2024\\\/02\\\/visuel-2-bis-pour-site.jpg\",\"width\":1865,\"height\":954},{\"@type\":\"BreadcrumbList\",\"@id\":\"https:\\\/\\\/lesparkingsdeladurance.fr\\\/index.php\\\/tarifs-mensuels\\\/#breadcrumb\",\"itemListElement\":[{\"@type\":\"ListItem\",\"position\":1,\"name\":\"Accueil\",\"item\":\"https:\\\/\\\/lesparkingsdeladurance.fr\\\/\"},{\"@type\":\"ListItem\",\"position\":2,\"name\":\"Tarifs (mensuels) :\"}]},{\"@type\":\"WebSite\",\"@id\":\"https:\\\/\\\/lesparkingsdeladurance.fr\\\/#website\",\"url\":\"https:\\\/\\\/lesparkingsdeladurance.fr\\\/\",\"name\":\"Les parkings de la Durance\",\"description\":\"Votre parking s\u00e9curis\u00e9 \u00e0 Paris 75012\",\"publisher\":{\"@id\":\"https:\\\/\\\/lesparkingsdeladurance.fr\\\/#organization\"},\"potentialAction\":[{\"@type\":\"SearchAction\",\"target\":{\"@type\":\"EntryPoint\",\"urlTemplate\":\"https:\\\/\\\/lesparkingsdeladurance.fr\\\/?s={search_term_string}\"},\"query-input\":{\"@type\":\"PropertyValueSpecification\",\"valueRequired\":true,\"valueName\":\"search_term_string\"}}],\"inLanguage\":\"fr-FR\"},{\"@type\":\"Organization\",\"@id\":\"https:\\\/\\\/lesparkingsdeladurance.fr\\\/#organization\",\"name\":\"Les parkings de la Durance\",\"url\":\"https:\\\/\\\/lesparkingsdeladurance.fr\\\/\",\"logo\":{\"@type\":\"ImageObject\",\"inLanguage\":\"fr-FR\",\"@id\":\"https:\\\/\\\/lesparkingsdeladurance.fr\\\/#\\\/schema\\\/logo\\\/image\\\/\",\"url\":\"https:\\\/\\\/lesparkingsdeladurance.fr\\\/wp-content\\\/uploads\\\/2024\\\/02\\\/cropped-grand-logo-parking-de-la-durance.jpg\",\"contentUrl\":\"https:\\\/\\\/lesparkingsdeladurance.fr\\\/wp-content\\\/uploads\\\/2024\\\/02\\\/cropped-grand-logo-parking-de-la-durance.jpg\",\"width\":863,\"height\":250,\"caption\":\"Les parkings de la Durance\"},\"image\":{\"@id\":\"https:\\\/\\\/lesparkingsdeladurance.fr\\\/#\\\/schema\\\/logo\\\/image\\\/\"}}]}<\/script>\n<!-- \/ Yoast SEO plugin. -->","yoast_head_json":{"title":"Tarifs (mensuels) : tarifs mensuels - Les parkings de la Durance","description":"Retrouvez nos tarifs pour vos place de stationnement aux parkings s\u00e9curis\u00e9s de la Durance \u00e0 Paris dans le 12\u00e8me arrondissement.","robots":{"index":"index","follow":"follow","max-snippet":"max-snippet:-1","max-image-preview":"max-image-preview:large","max-video-preview":"max-video-preview:-1"},"canonical":"https:\/\/lesparkingsdeladurance.fr\/index.php\/tarifs-mensuels\/","og_locale":"fr_FR","og_type":"article","og_title":"Tarifs (mensuels) : tarifs mensuels - Les parkings de la Durance","og_description":"Retrouvez nos tarifs pour vos place de stationnement aux parkings s\u00e9curis\u00e9s de la Durance \u00e0 Paris dans le 12\u00e8me arrondissement.","og_url":"https:\/\/lesparkingsdeladurance.fr\/index.php\/tarifs-mensuels\/","og_site_name":"Les parkings de la Durance","article_modified_time":"2024-02-15T09:52:27+00:00","og_image":[{"width":1865,"height":954,"url":"https:\/\/lesparkingsdeladurance.fr\/wp-content\/uploads\/2024\/02\/visuel-2-bis-pour-site.jpg","type":"image\/jpeg"}],"twitter_card":"summary_large_image","twitter_misc":{"Dur\u00e9e de lecture estim\u00e9e":"1 minute"},"schema":{"@context":"https:\/\/schema.org","@graph":[{"@type":"WebPage","@id":"https:\/\/lesparkingsdeladurance.fr\/index.php\/tarifs-mensuels\/","url":"https:\/\/lesparkingsdeladurance.fr\/index.php\/tarifs-mensuels\/","name":"Tarifs (mensuels) : tarifs mensuels - Les parkings de la Durance","isPartOf":{"@id":"https:\/\/lesparkingsdeladurance.fr\/#website"},"primaryImageOfPage":{"@id":"https:\/\/lesparkingsdeladurance.fr\/index.php\/tarifs-mensuels\/#primaryimage"},"image":{"@id":"https:\/\/lesparkingsdeladurance.fr\/index.php\/tarifs-mensuels\/#primaryimage"},"thumbnailUrl":"https:\/\/lesparkingsdeladurance.fr\/wp-content\/uploads\/2024\/02\/visuel-2-bis-pour-site.jpg","datePublished":"2024-02-13T15:41:33+00:00","dateModified":"2024-02-15T09:52:27+00:00","description":"Retrouvez nos tarifs pour vos place de stationnement aux parkings s\u00e9curis\u00e9s de la Durance \u00e0 Paris dans le 12\u00e8me arrondissement.","breadcrumb":{"@id":"https:\/\/lesparkingsdeladurance.fr\/index.php\/tarifs-mensuels\/#breadcrumb"},"inLanguage":"fr-FR","potentialAction":[{"@type":"ReadAction","target":["https:\/\/lesparkingsdeladurance.fr\/index.php\/tarifs-mensuels\/"]}]},{"@type":"ImageObject","inLanguage":"fr-FR","@id":"https:\/\/lesparkingsdeladurance.fr\/index.php\/tarifs-mensuels\/#primaryimage","url":"https:\/\/lesparkingsdeladurance.fr\/wp-content\/uploads\/2024\/02\/visuel-2-bis-pour-site.jpg","contentUrl":"https:\/\/lesparkingsdeladurance.fr\/wp-content\/uploads\/2024\/02\/visuel-2-bis-pour-site.jpg","width":1865,"height":954},{"@type":"BreadcrumbList","@id":"https:\/\/lesparkingsdeladurance.fr\/index.php\/tarifs-mensuels\/#breadcrumb","itemListElement":[{"@type":"ListItem","position":1,"name":"Accueil","item":"https:\/\/lesparkingsdeladurance.fr\/"},{"@type":"ListItem","position":2,"name":"Tarifs (mensuels) :"}]},{"@type":"WebSite","@id":"https:\/\/lesparkingsdeladurance.fr\/#website","url":"https:\/\/lesparkingsdeladurance.fr\/","name":"Les parkings de la Durance","description":"Votre parking s\u00e9curis\u00e9 \u00e0 Paris 75012","publisher":{"@id":"https:\/\/lesparkingsdeladurance.fr\/#organization"},"potentialAction":[{"@type":"SearchAction","target":{"@type":"EntryPoint","urlTemplate":"https:\/\/lesparkingsdeladurance.fr\/?s={search_term_string}"},"query-input":{"@type":"PropertyValueSpecification","valueRequired":true,"valueName":"search_term_string"}}],"inLanguage":"fr-FR"},{"@type":"Organization","@id":"https:\/\/lesparkingsdeladurance.fr\/#organization","name":"Les parkings de la Durance","url":"https:\/\/lesparkingsdeladurance.fr\/","logo":{"@type":"ImageObject","inLanguage":"fr-FR","@id":"https:\/\/lesparkingsdeladurance.fr\/#\/schema\/logo\/image\/","url":"https:\/\/lesparkingsdeladurance.fr\/wp-content\/uploads\/2024\/02\/cropped-grand-logo-parking-de-la-durance.jpg","contentUrl":"https:\/\/lesparkingsdeladurance.fr\/wp-content\/uploads\/2024\/02\/cropped-grand-logo-parking-de-la-durance.jpg","width":863,"height":250,"caption":"Les parkings de la Durance"},"image":{"@id":"https:\/\/lesparkingsdeladurance.fr\/#\/schema\/logo\/image\/"}}]}},"_links":{"self":[{"href":"https:\/\/lesparkingsdeladurance.fr\/index.php\/wp-json\/wp\/v2\/pages\/2","targetHints":{"allow":["GET"]}}],"collection":[{"href":"https:\/\/lesparkingsdeladurance.fr\/index.php\/wp-json\/wp\/v2\/pages"}],"about":[{"href":"https:\/\/lesparkingsdeladurance.fr\/index.php\/wp-json\/wp\/v2\/types\/page"}],"author":[{"embeddable":true,"href":"https:\/\/lesparkingsdeladurance.fr\/index.php\/wp-json\/wp\/v2\/users\/1"}],"replies":[{"embeddable":true,"href":"https:\/\/lesparkingsdeladurance.fr\/index.php\/wp-json\/wp\/v2\/comments?post=2"}],"version-history":[{"count":3,"href":"https:\/\/lesparkingsdeladurance.fr\/index.php\/wp-json\/wp\/v2\/pages\/2\/revisions"}],"predecessor-version":[{"id":37,"href":"https:\/\/lesparkingsdeladurance.fr\/index.php\/wp-json\/wp\/v2\/pages\/2\/revisions\/37"}],"wp:featuredmedia":[{"embeddable":true,"href":"https:\/\/lesparkingsdeladurance.fr\/index.php\/wp-json\/wp\/v2\/media\/38"}],"wp:attachment":[{"href":"https:\/\/lesparkingsdeladurance.fr\/index.php\/wp-json\/wp\/v2\/media?parent=2"}],"curies":[{"name":"wp","href":"https:\/\/api.w.org\/{rel}","templated":true}]}}