{"id":6,"date":"2024-02-15T10:21:02","date_gmt":"2024-02-15T09:21:02","guid":{"rendered":"https:\/\/lesparkingsdeladurance.fr\/?page_id=6"},"modified":"2024-05-02T11:38:39","modified_gmt":"2024-05-02T09:38:39","slug":"plan-acces-parkings-de-la-durance-paris-75012","status":"publish","type":"page","link":"https:\/\/lesparkingsdeladurance.fr\/index.php\/plan-acces-parkings-de-la-durance-paris-75012\/","title":{"rendered":"Plan d&rsquo;acc\u00e8s :"},"content":{"rendered":"<a style=\"font-size: 1rem;\" href=\"https:\/\/www.google.fr\/maps\/dir\/\/29+Rue+de+la+Br%C3%A8che+aux+Loups,+75012+Paris\/@48.8378123,2.3936968,19.5z\/data=!4m8!4m7!1m0!1m5!1m1!1s0x47e672697ed3668b:0xf04baf34b56855db!2m2!1d2.3941284!2d48.837725?entry=ttu\"><img loading=\"lazy\" decoding=\"async\" class=\"aligncenter wp-image-54 size-full\" src=\"https:\/\/lesparkingsdeladurance.fr\/wp-content\/uploads\/2024\/02\/PLAN-PARKING-nb-AVEC-LIEN.png\" alt=\"plan acc\u00e8s parking 75012\" width=\"800\" height=\"800\" srcset=\"https:\/\/lesparkingsdeladurance.fr\/wp-content\/uploads\/2024\/02\/PLAN-PARKING-nb-AVEC-LIEN.png 800w, https:\/\/lesparkingsdeladurance.fr\/wp-content\/uploads\/2024\/02\/PLAN-PARKING-nb-AVEC-LIEN-300x300.png 300w, https:\/\/lesparkingsdeladurance.fr\/wp-content\/uploads\/2024\/02\/PLAN-PARKING-nb-AVEC-LIEN-150x150.png 150w, https:\/\/lesparkingsdeladurance.fr\/wp-content\/uploads\/2024\/02\/PLAN-PARKING-nb-AVEC-LIEN-768x768.png 768w, https:\/\/lesparkingsdeladurance.fr\/wp-content\/uploads\/2024\/02\/PLAN-PARKING-nb-AVEC-LIEN-100x100.png 100w\" sizes=\"auto, (max-width: 706px) 89vw, (max-width: 767px) 82vw, 740px\" \/><\/a>\r\n\r\n<!-- \/wp:post-content -->","protected":false},"excerpt":{"rendered":"","protected":false},"author":2,"featured_media":0,"parent":0,"menu_order":0,"comment_status":"closed","ping_status":"closed","template":"","meta":{"footnotes":""},"class_list":["post-6","page","type-page","status-publish","hentry"],"yoast_head":"<!-- This site is optimized with the Yoast SEO plugin v27.3 - https:\/\/yoast.com\/product\/yoast-seo-wordpress\/ -->\n<title>Plan d&#039;acc\u00e8s : plan d&#039;acc\u00e8s - Parkings de la Durance<\/title>\n<meta name=\"description\" content=\"Trouvez le plan d&#039;acc\u00e8s aux parkings de la Durance \u00e0 Paris dans le 12\u00e8me arrondissement. Acc\u00e8s parking dans le 75012\" \/>\n<meta name=\"robots\" content=\"index, follow, max-snippet:-1, max-image-preview:large, max-video-preview:-1\" \/>\n<link rel=\"canonical\" href=\"https:\/\/lesparkingsdeladurance.fr\/index.php\/plan-acces-parkings-de-la-durance-paris-75012\/\" \/>\n<meta property=\"og:locale\" content=\"fr_FR\" \/>\n<meta property=\"og:type\" content=\"article\" \/>\n<meta property=\"og:title\" content=\"Plan d&#039;acc\u00e8s : plan d&#039;acc\u00e8s - Parkings de la Durance\" \/>\n<meta property=\"og:description\" content=\"Trouvez le plan d&#039;acc\u00e8s aux parkings de la Durance \u00e0 Paris dans le 12\u00e8me arrondissement. Acc\u00e8s parking dans le 75012\" \/>\n<meta property=\"og:url\" content=\"https:\/\/lesparkingsdeladurance.fr\/index.php\/plan-acces-parkings-de-la-durance-paris-75012\/\" \/>\n<meta property=\"og:site_name\" content=\"Les parkings de la Durance\" \/>\n<meta property=\"article:modified_time\" content=\"2024-05-02T09:38:39+00:00\" \/>\n<meta property=\"og:image\" content=\"https:\/\/lesparkingsdeladurance.fr\/wp-content\/uploads\/2024\/02\/PLAN-PARKING-nb-AVEC-LIEN.png\" \/>\n<meta name=\"twitter:card\" content=\"summary_large_image\" \/>\n<meta name=\"twitter:label1\" content=\"Dur\u00e9e de lecture estim\u00e9e\" \/>\n\t<meta name=\"twitter:data1\" content=\"1 minute\" \/>\n<script type=\"application\/ld+json\" class=\"yoast-schema-graph\">{\"@context\":\"https:\\\/\\\/schema.org\",\"@graph\":[{\"@type\":\"WebPage\",\"@id\":\"https:\\\/\\\/lesparkingsdeladurance.fr\\\/index.php\\\/plan-acces-parkings-de-la-durance-paris-75012\\\/\",\"url\":\"https:\\\/\\\/lesparkingsdeladurance.fr\\\/index.php\\\/plan-acces-parkings-de-la-durance-paris-75012\\\/\",\"name\":\"Plan d'acc\u00e8s : plan d'acc\u00e8s - Parkings de la Durance\",\"isPartOf\":{\"@id\":\"https:\\\/\\\/lesparkingsdeladurance.fr\\\/#website\"},\"primaryImageOfPage\":{\"@id\":\"https:\\\/\\\/lesparkingsdeladurance.fr\\\/index.php\\\/plan-acces-parkings-de-la-durance-paris-75012\\\/#primaryimage\"},\"image\":{\"@id\":\"https:\\\/\\\/lesparkingsdeladurance.fr\\\/index.php\\\/plan-acces-parkings-de-la-durance-paris-75012\\\/#primaryimage\"},\"thumbnailUrl\":\"https:\\\/\\\/lesparkingsdeladurance.fr\\\/wp-content\\\/uploads\\\/2024\\\/02\\\/PLAN-PARKING-nb-AVEC-LIEN.png\",\"datePublished\":\"2024-02-15T09:21:02+00:00\",\"dateModified\":\"2024-05-02T09:38:39+00:00\",\"description\":\"Trouvez le plan d'acc\u00e8s aux parkings de la Durance \u00e0 Paris dans le 12\u00e8me arrondissement. Acc\u00e8s parking dans le 75012\",\"breadcrumb\":{\"@id\":\"https:\\\/\\\/lesparkingsdeladurance.fr\\\/index.php\\\/plan-acces-parkings-de-la-durance-paris-75012\\\/#breadcrumb\"},\"inLanguage\":\"fr-FR\",\"potentialAction\":[{\"@type\":\"ReadAction\",\"target\":[\"https:\\\/\\\/lesparkingsdeladurance.fr\\\/index.php\\\/plan-acces-parkings-de-la-durance-paris-75012\\\/\"]}]},{\"@type\":\"ImageObject\",\"inLanguage\":\"fr-FR\",\"@id\":\"https:\\\/\\\/lesparkingsdeladurance.fr\\\/index.php\\\/plan-acces-parkings-de-la-durance-paris-75012\\\/#primaryimage\",\"url\":\"https:\\\/\\\/lesparkingsdeladurance.fr\\\/wp-content\\\/uploads\\\/2024\\\/02\\\/PLAN-PARKING-nb-AVEC-LIEN.png\",\"contentUrl\":\"https:\\\/\\\/lesparkingsdeladurance.fr\\\/wp-content\\\/uploads\\\/2024\\\/02\\\/PLAN-PARKING-nb-AVEC-LIEN.png\",\"width\":800,\"height\":800},{\"@type\":\"BreadcrumbList\",\"@id\":\"https:\\\/\\\/lesparkingsdeladurance.fr\\\/index.php\\\/plan-acces-parkings-de-la-durance-paris-75012\\\/#breadcrumb\",\"itemListElement\":[{\"@type\":\"ListItem\",\"position\":1,\"name\":\"Accueil\",\"item\":\"https:\\\/\\\/lesparkingsdeladurance.fr\\\/\"},{\"@type\":\"ListItem\",\"position\":2,\"name\":\"Plan d&rsquo;acc\u00e8s :\"}]},{\"@type\":\"WebSite\",\"@id\":\"https:\\\/\\\/lesparkingsdeladurance.fr\\\/#website\",\"url\":\"https:\\\/\\\/lesparkingsdeladurance.fr\\\/\",\"name\":\"Les parkings de la Durance\",\"description\":\"Votre parking s\u00e9curis\u00e9 \u00e0 Paris 75012\",\"publisher\":{\"@id\":\"https:\\\/\\\/lesparkingsdeladurance.fr\\\/#organization\"},\"potentialAction\":[{\"@type\":\"SearchAction\",\"target\":{\"@type\":\"EntryPoint\",\"urlTemplate\":\"https:\\\/\\\/lesparkingsdeladurance.fr\\\/?s={search_term_string}\"},\"query-input\":{\"@type\":\"PropertyValueSpecification\",\"valueRequired\":true,\"valueName\":\"search_term_string\"}}],\"inLanguage\":\"fr-FR\"},{\"@type\":\"Organization\",\"@id\":\"https:\\\/\\\/lesparkingsdeladurance.fr\\\/#organization\",\"name\":\"Les parkings de la Durance\",\"url\":\"https:\\\/\\\/lesparkingsdeladurance.fr\\\/\",\"logo\":{\"@type\":\"ImageObject\",\"inLanguage\":\"fr-FR\",\"@id\":\"https:\\\/\\\/lesparkingsdeladurance.fr\\\/#\\\/schema\\\/logo\\\/image\\\/\",\"url\":\"https:\\\/\\\/lesparkingsdeladurance.fr\\\/wp-content\\\/uploads\\\/2024\\\/02\\\/cropped-grand-logo-parking-de-la-durance.jpg\",\"contentUrl\":\"https:\\\/\\\/lesparkingsdeladurance.fr\\\/wp-content\\\/uploads\\\/2024\\\/02\\\/cropped-grand-logo-parking-de-la-durance.jpg\",\"width\":863,\"height\":250,\"caption\":\"Les parkings de la Durance\"},\"image\":{\"@id\":\"https:\\\/\\\/lesparkingsdeladurance.fr\\\/#\\\/schema\\\/logo\\\/image\\\/\"}}]}<\/script>\n<!-- \/ Yoast SEO plugin. -->","yoast_head_json":{"title":"Plan d'acc\u00e8s : plan d'acc\u00e8s - Parkings de la Durance","description":"Trouvez le plan d'acc\u00e8s aux parkings de la Durance \u00e0 Paris dans le 12\u00e8me arrondissement. Acc\u00e8s parking dans le 75012","robots":{"index":"index","follow":"follow","max-snippet":"max-snippet:-1","max-image-preview":"max-image-preview:large","max-video-preview":"max-video-preview:-1"},"canonical":"https:\/\/lesparkingsdeladurance.fr\/index.php\/plan-acces-parkings-de-la-durance-paris-75012\/","og_locale":"fr_FR","og_type":"article","og_title":"Plan d'acc\u00e8s : plan d'acc\u00e8s - Parkings de la Durance","og_description":"Trouvez le plan d'acc\u00e8s aux parkings de la Durance \u00e0 Paris dans le 12\u00e8me arrondissement. Acc\u00e8s parking dans le 75012","og_url":"https:\/\/lesparkingsdeladurance.fr\/index.php\/plan-acces-parkings-de-la-durance-paris-75012\/","og_site_name":"Les parkings de la Durance","article_modified_time":"2024-05-02T09:38:39+00:00","og_image":[{"url":"https:\/\/lesparkingsdeladurance.fr\/wp-content\/uploads\/2024\/02\/PLAN-PARKING-nb-AVEC-LIEN.png","type":"","width":"","height":""}],"twitter_card":"summary_large_image","twitter_misc":{"Dur\u00e9e de lecture estim\u00e9e":"1 minute"},"schema":{"@context":"https:\/\/schema.org","@graph":[{"@type":"WebPage","@id":"https:\/\/lesparkingsdeladurance.fr\/index.php\/plan-acces-parkings-de-la-durance-paris-75012\/","url":"https:\/\/lesparkingsdeladurance.fr\/index.php\/plan-acces-parkings-de-la-durance-paris-75012\/","name":"Plan d'acc\u00e8s : plan d'acc\u00e8s - Parkings de la Durance","isPartOf":{"@id":"https:\/\/lesparkingsdeladurance.fr\/#website"},"primaryImageOfPage":{"@id":"https:\/\/lesparkingsdeladurance.fr\/index.php\/plan-acces-parkings-de-la-durance-paris-75012\/#primaryimage"},"image":{"@id":"https:\/\/lesparkingsdeladurance.fr\/index.php\/plan-acces-parkings-de-la-durance-paris-75012\/#primaryimage"},"thumbnailUrl":"https:\/\/lesparkingsdeladurance.fr\/wp-content\/uploads\/2024\/02\/PLAN-PARKING-nb-AVEC-LIEN.png","datePublished":"2024-02-15T09:21:02+00:00","dateModified":"2024-05-02T09:38:39+00:00","description":"Trouvez le plan d'acc\u00e8s aux parkings de la Durance \u00e0 Paris dans le 12\u00e8me arrondissement. Acc\u00e8s parking dans le 75012","breadcrumb":{"@id":"https:\/\/lesparkingsdeladurance.fr\/index.php\/plan-acces-parkings-de-la-durance-paris-75012\/#breadcrumb"},"inLanguage":"fr-FR","potentialAction":[{"@type":"ReadAction","target":["https:\/\/lesparkingsdeladurance.fr\/index.php\/plan-acces-parkings-de-la-durance-paris-75012\/"]}]},{"@type":"ImageObject","inLanguage":"fr-FR","@id":"https:\/\/lesparkingsdeladurance.fr\/index.php\/plan-acces-parkings-de-la-durance-paris-75012\/#primaryimage","url":"https:\/\/lesparkingsdeladurance.fr\/wp-content\/uploads\/2024\/02\/PLAN-PARKING-nb-AVEC-LIEN.png","contentUrl":"https:\/\/lesparkingsdeladurance.fr\/wp-content\/uploads\/2024\/02\/PLAN-PARKING-nb-AVEC-LIEN.png","width":800,"height":800},{"@type":"BreadcrumbList","@id":"https:\/\/lesparkingsdeladurance.fr\/index.php\/plan-acces-parkings-de-la-durance-paris-75012\/#breadcrumb","itemListElement":[{"@type":"ListItem","position":1,"name":"Accueil","item":"https:\/\/lesparkingsdeladurance.fr\/"},{"@type":"ListItem","position":2,"name":"Plan d&rsquo;acc\u00e8s :"}]},{"@type":"WebSite","@id":"https:\/\/lesparkingsdeladurance.fr\/#website","url":"https:\/\/lesparkingsdeladurance.fr\/","name":"Les parkings de la Durance","description":"Votre parking s\u00e9curis\u00e9 \u00e0 Paris 75012","publisher":{"@id":"https:\/\/lesparkingsdeladurance.fr\/#organization"},"potentialAction":[{"@type":"SearchAction","target":{"@type":"EntryPoint","urlTemplate":"https:\/\/lesparkingsdeladurance.fr\/?s={search_term_string}"},"query-input":{"@type":"PropertyValueSpecification","valueRequired":true,"valueName":"search_term_string"}}],"inLanguage":"fr-FR"},{"@type":"Organization","@id":"https:\/\/lesparkingsdeladurance.fr\/#organization","name":"Les parkings de la Durance","url":"https:\/\/lesparkingsdeladurance.fr\/","logo":{"@type":"ImageObject","inLanguage":"fr-FR","@id":"https:\/\/lesparkingsdeladurance.fr\/#\/schema\/logo\/image\/","url":"https:\/\/lesparkingsdeladurance.fr\/wp-content\/uploads\/2024\/02\/cropped-grand-logo-parking-de-la-durance.jpg","contentUrl":"https:\/\/lesparkingsdeladurance.fr\/wp-content\/uploads\/2024\/02\/cropped-grand-logo-parking-de-la-durance.jpg","width":863,"height":250,"caption":"Les parkings de la Durance"},"image":{"@id":"https:\/\/lesparkingsdeladurance.fr\/#\/schema\/logo\/image\/"}}]}},"_links":{"self":[{"href":"https:\/\/lesparkingsdeladurance.fr\/index.php\/wp-json\/wp\/v2\/pages\/6","targetHints":{"allow":["GET"]}}],"collection":[{"href":"https:\/\/lesparkingsdeladurance.fr\/index.php\/wp-json\/wp\/v2\/pages"}],"about":[{"href":"https:\/\/lesparkingsdeladurance.fr\/index.php\/wp-json\/wp\/v2\/types\/page"}],"author":[{"embeddable":true,"href":"https:\/\/lesparkingsdeladurance.fr\/index.php\/wp-json\/wp\/v2\/users\/2"}],"replies":[{"embeddable":true,"href":"https:\/\/lesparkingsdeladurance.fr\/index.php\/wp-json\/wp\/v2\/comments?post=6"}],"version-history":[{"count":8,"href":"https:\/\/lesparkingsdeladurance.fr\/index.php\/wp-json\/wp\/v2\/pages\/6\/revisions"}],"predecessor-version":[{"id":85,"href":"https:\/\/lesparkingsdeladurance.fr\/index.php\/wp-json\/wp\/v2\/pages\/6\/revisions\/85"}],"wp:attachment":[{"href":"https:\/\/lesparkingsdeladurance.fr\/index.php\/wp-json\/wp\/v2\/media?parent=6"}],"curies":[{"name":"wp","href":"https:\/\/api.w.org\/{rel}","templated":true}]}}