{"id":7,"date":"2024-02-15T10:21:03","date_gmt":"2024-02-15T09:21:03","guid":{"rendered":"https:\/\/lesparkingsdeladurance.fr\/?page_id=7"},"modified":"2024-04-30T19:13:02","modified_gmt":"2024-04-30T17:13:02","slug":"presentation","status":"publish","type":"page","link":"https:\/\/lesparkingsdeladurance.fr\/","title":{"rendered":"Pr\u00e9sentation :"},"content":{"rendered":"\r\n<p>Les parkings de la Durance sont situ\u00e9s dans le 12<sup>e<\/sup>\u00a0arrondissement (acc\u00e8s voiture par la rue de la Br\u00e8che aux Loups), \u00e0 5 minutes \u00e0 pied de la station de m\u00e9tro Daumesnil.<\/p>\r\n<p>Le parking est couvert, s\u00e9curis\u00e9 et ouvert 7\/7, 24H\/24. Une gestion \u00e0 taille humaine et directe est mise \u00e0 votre service.<\/p>\r\n<p>Nous mettons\u00a0\u00e0 votre disposition un large panel de places adapt\u00e9es \u00e0 vos besoins : petites voitures, grandes voitures, motos, voitures \u00e9lectriques, motos \u00e9lectriques, v\u00e9los\u2026<\/p>\r\n<p>N\u2019h\u00e9sitez pas \u00e0 nous contacter pour plus d\u2019informations !<\/p>\r\n","protected":false},"excerpt":{"rendered":"<p>Les parkings de la Durance sont situ\u00e9s dans le 12e\u00a0arrondissement (acc\u00e8s voiture par la rue de la Br\u00e8che aux Loups), \u00e0 5 minutes \u00e0 pied de la station de m\u00e9tro Daumesnil. Le parking est couvert, s\u00e9curis\u00e9 et ouvert 7\/7, 24H\/24. Une gestion \u00e0 taille humaine et directe est mise \u00e0 votre service. Nous mettons\u00a0\u00e0 votre &hellip; <\/p>\n<p class=\"link-more\"><a href=\"https:\/\/lesparkingsdeladurance.fr\/\" class=\"more-link\">Continuer la lecture<span class=\"screen-reader-text\"> de &laquo;&nbsp;Pr\u00e9sentation :&nbsp;&raquo;<\/span><\/a><\/p>\n","protected":false},"author":2,"featured_media":0,"parent":0,"menu_order":0,"comment_status":"closed","ping_status":"closed","template":"","meta":{"footnotes":""},"class_list":["post-7","page","type-page","status-publish","hentry"],"yoast_head":"<!-- This site is optimized with the Yoast SEO plugin v27.3 - https:\/\/yoast.com\/product\/yoast-seo-wordpress\/ -->\n<title>parking Paris 75012 - Les parkings de la Durance<\/title>\n<meta name=\"description\" content=\"Les parkings de la Durance \u00e0 Paris dans le 12e\u00a0(acc\u00e8s par la rue de la Br\u00e8che aux Loups), \u00e0 5 mn \u00e0 pied de la station Daumesnil. 75012\" \/>\n<meta name=\"robots\" content=\"index, follow, max-snippet:-1, max-image-preview:large, max-video-preview:-1\" \/>\n<link rel=\"canonical\" href=\"https:\/\/lesparkingsdeladurance.fr\/\" \/>\n<meta property=\"og:locale\" content=\"fr_FR\" \/>\n<meta property=\"og:type\" content=\"article\" \/>\n<meta property=\"og:title\" content=\"parking Paris 75012 - Les parkings de la Durance\" \/>\n<meta property=\"og:description\" content=\"Les parkings de la Durance \u00e0 Paris dans le 12e\u00a0(acc\u00e8s par la rue de la Br\u00e8che aux Loups), \u00e0 5 mn \u00e0 pied de la station Daumesnil. 75012\" \/>\n<meta property=\"og:url\" content=\"https:\/\/lesparkingsdeladurance.fr\/\" \/>\n<meta property=\"og:site_name\" content=\"Les parkings de la Durance\" \/>\n<meta property=\"article:modified_time\" content=\"2024-04-30T17:13:02+00:00\" \/>\n<meta name=\"twitter:card\" content=\"summary_large_image\" \/>\n<meta name=\"twitter:label1\" content=\"Dur\u00e9e de lecture estim\u00e9e\" \/>\n\t<meta name=\"twitter:data1\" content=\"1 minute\" \/>\n<script type=\"application\/ld+json\" class=\"yoast-schema-graph\">{\"@context\":\"https:\\\/\\\/schema.org\",\"@graph\":[{\"@type\":\"WebPage\",\"@id\":\"https:\\\/\\\/lesparkingsdeladurance.fr\\\/\",\"url\":\"https:\\\/\\\/lesparkingsdeladurance.fr\\\/\",\"name\":\"parking Paris 75012 - Les parkings de la Durance\",\"isPartOf\":{\"@id\":\"https:\\\/\\\/lesparkingsdeladurance.fr\\\/#website\"},\"datePublished\":\"2024-02-15T09:21:03+00:00\",\"dateModified\":\"2024-04-30T17:13:02+00:00\",\"description\":\"Les parkings de la Durance \u00e0 Paris dans le 12e\u00a0(acc\u00e8s par la rue de la Br\u00e8che aux Loups), \u00e0 5 mn \u00e0 pied de la station Daumesnil. 75012\",\"breadcrumb\":{\"@id\":\"https:\\\/\\\/lesparkingsdeladurance.fr\\\/#breadcrumb\"},\"inLanguage\":\"fr-FR\",\"potentialAction\":[{\"@type\":\"ReadAction\",\"target\":[\"https:\\\/\\\/lesparkingsdeladurance.fr\\\/\"]}]},{\"@type\":\"BreadcrumbList\",\"@id\":\"https:\\\/\\\/lesparkingsdeladurance.fr\\\/#breadcrumb\",\"itemListElement\":[{\"@type\":\"ListItem\",\"position\":1,\"name\":\"Accueil\",\"item\":\"https:\\\/\\\/lesparkingsdeladurance.fr\\\/\"},{\"@type\":\"ListItem\",\"position\":2,\"name\":\"Pr\u00e9sentation :\"}]},{\"@type\":\"WebSite\",\"@id\":\"https:\\\/\\\/lesparkingsdeladurance.fr\\\/#website\",\"url\":\"https:\\\/\\\/lesparkingsdeladurance.fr\\\/\",\"name\":\"Les parkings de la Durance\",\"description\":\"Votre parking s\u00e9curis\u00e9 \u00e0 Paris 75012\",\"publisher\":{\"@id\":\"https:\\\/\\\/lesparkingsdeladurance.fr\\\/#organization\"},\"potentialAction\":[{\"@type\":\"SearchAction\",\"target\":{\"@type\":\"EntryPoint\",\"urlTemplate\":\"https:\\\/\\\/lesparkingsdeladurance.fr\\\/?s={search_term_string}\"},\"query-input\":{\"@type\":\"PropertyValueSpecification\",\"valueRequired\":true,\"valueName\":\"search_term_string\"}}],\"inLanguage\":\"fr-FR\"},{\"@type\":\"Organization\",\"@id\":\"https:\\\/\\\/lesparkingsdeladurance.fr\\\/#organization\",\"name\":\"Les parkings de la Durance\",\"url\":\"https:\\\/\\\/lesparkingsdeladurance.fr\\\/\",\"logo\":{\"@type\":\"ImageObject\",\"inLanguage\":\"fr-FR\",\"@id\":\"https:\\\/\\\/lesparkingsdeladurance.fr\\\/#\\\/schema\\\/logo\\\/image\\\/\",\"url\":\"https:\\\/\\\/lesparkingsdeladurance.fr\\\/wp-content\\\/uploads\\\/2024\\\/02\\\/cropped-grand-logo-parking-de-la-durance.jpg\",\"contentUrl\":\"https:\\\/\\\/lesparkingsdeladurance.fr\\\/wp-content\\\/uploads\\\/2024\\\/02\\\/cropped-grand-logo-parking-de-la-durance.jpg\",\"width\":863,\"height\":250,\"caption\":\"Les parkings de la Durance\"},\"image\":{\"@id\":\"https:\\\/\\\/lesparkingsdeladurance.fr\\\/#\\\/schema\\\/logo\\\/image\\\/\"}}]}<\/script>\n<!-- \/ Yoast SEO plugin. -->","yoast_head_json":{"title":"parking Paris 75012 - Les parkings de la Durance","description":"Les parkings de la Durance \u00e0 Paris dans le 12e\u00a0(acc\u00e8s par la rue de la Br\u00e8che aux Loups), \u00e0 5 mn \u00e0 pied de la station Daumesnil. 75012","robots":{"index":"index","follow":"follow","max-snippet":"max-snippet:-1","max-image-preview":"max-image-preview:large","max-video-preview":"max-video-preview:-1"},"canonical":"https:\/\/lesparkingsdeladurance.fr\/","og_locale":"fr_FR","og_type":"article","og_title":"parking Paris 75012 - Les parkings de la Durance","og_description":"Les parkings de la Durance \u00e0 Paris dans le 12e\u00a0(acc\u00e8s par la rue de la Br\u00e8che aux Loups), \u00e0 5 mn \u00e0 pied de la station Daumesnil. 75012","og_url":"https:\/\/lesparkingsdeladurance.fr\/","og_site_name":"Les parkings de la Durance","article_modified_time":"2024-04-30T17:13:02+00:00","twitter_card":"summary_large_image","twitter_misc":{"Dur\u00e9e de lecture estim\u00e9e":"1 minute"},"schema":{"@context":"https:\/\/schema.org","@graph":[{"@type":"WebPage","@id":"https:\/\/lesparkingsdeladurance.fr\/","url":"https:\/\/lesparkingsdeladurance.fr\/","name":"parking Paris 75012 - Les parkings de la Durance","isPartOf":{"@id":"https:\/\/lesparkingsdeladurance.fr\/#website"},"datePublished":"2024-02-15T09:21:03+00:00","dateModified":"2024-04-30T17:13:02+00:00","description":"Les parkings de la Durance \u00e0 Paris dans le 12e\u00a0(acc\u00e8s par la rue de la Br\u00e8che aux Loups), \u00e0 5 mn \u00e0 pied de la station Daumesnil. 75012","breadcrumb":{"@id":"https:\/\/lesparkingsdeladurance.fr\/#breadcrumb"},"inLanguage":"fr-FR","potentialAction":[{"@type":"ReadAction","target":["https:\/\/lesparkingsdeladurance.fr\/"]}]},{"@type":"BreadcrumbList","@id":"https:\/\/lesparkingsdeladurance.fr\/#breadcrumb","itemListElement":[{"@type":"ListItem","position":1,"name":"Accueil","item":"https:\/\/lesparkingsdeladurance.fr\/"},{"@type":"ListItem","position":2,"name":"Pr\u00e9sentation :"}]},{"@type":"WebSite","@id":"https:\/\/lesparkingsdeladurance.fr\/#website","url":"https:\/\/lesparkingsdeladurance.fr\/","name":"Les parkings de la Durance","description":"Votre parking s\u00e9curis\u00e9 \u00e0 Paris 75012","publisher":{"@id":"https:\/\/lesparkingsdeladurance.fr\/#organization"},"potentialAction":[{"@type":"SearchAction","target":{"@type":"EntryPoint","urlTemplate":"https:\/\/lesparkingsdeladurance.fr\/?s={search_term_string}"},"query-input":{"@type":"PropertyValueSpecification","valueRequired":true,"valueName":"search_term_string"}}],"inLanguage":"fr-FR"},{"@type":"Organization","@id":"https:\/\/lesparkingsdeladurance.fr\/#organization","name":"Les parkings de la Durance","url":"https:\/\/lesparkingsdeladurance.fr\/","logo":{"@type":"ImageObject","inLanguage":"fr-FR","@id":"https:\/\/lesparkingsdeladurance.fr\/#\/schema\/logo\/image\/","url":"https:\/\/lesparkingsdeladurance.fr\/wp-content\/uploads\/2024\/02\/cropped-grand-logo-parking-de-la-durance.jpg","contentUrl":"https:\/\/lesparkingsdeladurance.fr\/wp-content\/uploads\/2024\/02\/cropped-grand-logo-parking-de-la-durance.jpg","width":863,"height":250,"caption":"Les parkings de la Durance"},"image":{"@id":"https:\/\/lesparkingsdeladurance.fr\/#\/schema\/logo\/image\/"}}]}},"_links":{"self":[{"href":"https:\/\/lesparkingsdeladurance.fr\/index.php\/wp-json\/wp\/v2\/pages\/7","targetHints":{"allow":["GET"]}}],"collection":[{"href":"https:\/\/lesparkingsdeladurance.fr\/index.php\/wp-json\/wp\/v2\/pages"}],"about":[{"href":"https:\/\/lesparkingsdeladurance.fr\/index.php\/wp-json\/wp\/v2\/types\/page"}],"author":[{"embeddable":true,"href":"https:\/\/lesparkingsdeladurance.fr\/index.php\/wp-json\/wp\/v2\/users\/2"}],"replies":[{"embeddable":true,"href":"https:\/\/lesparkingsdeladurance.fr\/index.php\/wp-json\/wp\/v2\/comments?post=7"}],"version-history":[{"count":2,"href":"https:\/\/lesparkingsdeladurance.fr\/index.php\/wp-json\/wp\/v2\/pages\/7\/revisions"}],"predecessor-version":[{"id":50,"href":"https:\/\/lesparkingsdeladurance.fr\/index.php\/wp-json\/wp\/v2\/pages\/7\/revisions\/50"}],"wp:attachment":[{"href":"https:\/\/lesparkingsdeladurance.fr\/index.php\/wp-json\/wp\/v2\/media?parent=7"}],"curies":[{"name":"wp","href":"https:\/\/api.w.org\/{rel}","templated":true}]}}