{"id":8,"date":"2024-02-15T10:21:03","date_gmt":"2024-02-15T09:21:03","guid":{"rendered":"https:\/\/lesparkingsdeladurance.fr\/?page_id=8"},"modified":"2024-05-02T11:36:47","modified_gmt":"2024-05-02T09:36:47","slug":"contact","status":"publish","type":"page","link":"https:\/\/lesparkingsdeladurance.fr\/index.php\/contact\/","title":{"rendered":"Contact :"},"content":{"rendered":"\r\n<p>Pour tout renseignements, vous pouvez nous contacter par t\u00e9l\u00e9phone, courriel, ou avec le formulaire de contact ci-dessous :<\/p>\r\n<p>SCI DES PAKINGS DE LA DURANCE<\/p>\r\n<p>1-3, rue de la Durance &#8211; 75012 PARIS<\/p>\r\n<p><a href=\"tel:0624041952\"><strong>06 24 04 19 52<\/strong><\/a><\/p>\r\n<p>scidesparkingsdeladurance@gmail.com<\/p>\r\n<div class=\"forminator-ui forminator-custom-form forminator-custom-form-81 forminator-design--default  forminator_ajax\" data-forminator-render=\"0\" data-form=\"forminator-module-81\" data-uid=\"69d28f7096f34\"><br\/><\/div><form\n\t\t\t\tid=\"forminator-module-81\"\n\t\t\t\tclass=\"forminator-ui forminator-custom-form forminator-custom-form-81 forminator-design--default  forminator_ajax\"\n\t\t\t\tmethod=\"post\"\n\t\t\t\tdata-forminator-render=\"0\"\n\t\t\t\tdata-form-id=\"81\"\n\t\t\t\t\n\t\t\t\tdata-design=\"default\"\n\t\t\t\t\n\t\t\t\t\n\t\t\t\t\n\t\t\t\tdata-grid=\"open\"\n\t\t\t\t\n\t\t\t\t\n\t\t\t\tstyle=\"display: none;\"\n\t\t\t\t\n\t\t\t\tdata-uid=\"69d28f7096f34\"\n\t\t\t><div role=\"alert\" aria-live=\"polite\" class=\"forminator-response-message forminator-error\" aria-hidden=\"true\"><\/div><div class=\"forminator-row\"><div id=\"name-1\" class=\"forminator-field-name forminator-col forminator-col-12 \"><div class=\"forminator-field\"><label for=\"forminator-field-name-1_69d28f7096f34\" id=\"forminator-field-name-1_69d28f7096f34-label\" class=\"forminator-label\">Pr\u00e9nom <span class=\"forminator-required\">*<\/span><\/label><input type=\"text\" name=\"name-1\" value=\"\" placeholder=\"Par exemple\u00a0: Jean\" id=\"forminator-field-name-1_69d28f7096f34\" class=\"forminator-input forminator-name--field\" aria-required=\"true\" \/><\/div><\/div><\/div><div class=\"forminator-row\"><div id=\"email-1\" class=\"forminator-field-email forminator-col forminator-col-12 \"><div class=\"forminator-field\"><label for=\"forminator-field-email-1_69d28f7096f34\" id=\"forminator-field-email-1_69d28f7096f34-label\" class=\"forminator-label\">Adresse de messagerie <span class=\"forminator-required\">*<\/span><\/label><input type=\"email\" name=\"email-1\" value=\"\" placeholder=\"Par exemple\u00a0: jacques@martin.com\" id=\"forminator-field-email-1_69d28f7096f34\" class=\"forminator-input forminator-email--field\" data-required=\"true\" aria-required=\"true\" \/><\/div><\/div><\/div><div class=\"forminator-row\"><div id=\"phone-1\" class=\"forminator-field-phone forminator-col forminator-col-12 \"><div class=\"forminator-field\"><label for=\"forminator-field-phone-1_69d28f7096f34\" id=\"forminator-field-phone-1_69d28f7096f34-label\" class=\"forminator-label\">Num\u00e9ro de t\u00e9l\u00e9phone<\/label><input type=\"text\" name=\"phone-1\" value=\"\" placeholder=\"Par exemple\u00a0: +1 02 03 04 05\" id=\"forminator-field-phone-1_69d28f7096f34\" class=\"forminator-input forminator-field--phone\" data-required=\"\" aria-required=\"false\" autocomplete=\"off\" \/><\/div><\/div><\/div><div class=\"forminator-row\"><div id=\"textarea-1\" class=\"forminator-field-textarea forminator-col forminator-col-12 \"><div class=\"forminator-field\"><label for=\"forminator-field-textarea-1_69d28f7096f34\" id=\"forminator-field-textarea-1_69d28f7096f34-label\" class=\"forminator-label\">Message<\/label><textarea name=\"textarea-1\" placeholder=\"Saisissez votre message\u2026\" id=\"forminator-field-textarea-1_69d28f7096f34\" class=\"forminator-textarea\" rows=\"6\" style=\"min-height:140px;\" maxlength=\"180\" ><\/textarea><span id=\"forminator-field-textarea-1_69d28f7096f34-description\" class=\"forminator-description\"><span data-limit=\"180\" data-type=\"characters\">0 \/ 180<\/span><\/span><\/div><\/div><\/div><input type=\"hidden\" name=\"referer_url\" value=\"\" \/><div class=\"forminator-row forminator-row-last\"><div class=\"forminator-col\"><div class=\"forminator-field\"><button class=\"forminator-button forminator-button-submit\">Envoyer le message<\/button><\/div><\/div><\/div><input type=\"hidden\" id=\"forminator_nonce\" name=\"forminator_nonce\" value=\"7f465fc360\" \/><input type=\"hidden\" name=\"_wp_http_referer\" value=\"\/index.php\/wp-json\/wp\/v2\/pages\/8\" \/><input type=\"hidden\" name=\"form_id\" value=\"81\"><input type=\"hidden\" name=\"page_id\" value=\"8\"><input type=\"hidden\" name=\"form_type\" value=\"default\"><input type=\"hidden\" name=\"current_url\" value=\"https:\/\/lesparkingsdeladurance.fr\/index.php\/contact\/\"><input type=\"hidden\" name=\"render_id\" value=\"0\"><input type=\"hidden\" name=\"action\" value=\"forminator_submit_form_custom-forms\"><\/form>\r\n","protected":false},"excerpt":{"rendered":"<p>Pour tout renseignements, vous pouvez nous contacter par t\u00e9l\u00e9phone, courriel, ou avec le formulaire de contact ci-dessous : SCI DES PAKINGS DE LA DURANCE 1-3, rue de la Durance &#8211; 75012 PARIS 06 24 04 19 52 scidesparkingsdeladurance@gmail.com<\/p>\n","protected":false},"author":2,"featured_media":38,"parent":0,"menu_order":0,"comment_status":"closed","ping_status":"closed","template":"","meta":{"footnotes":""},"class_list":["post-8","page","type-page","status-publish","has-post-thumbnail","hentry"],"yoast_head":"<!-- This site is optimized with the Yoast SEO plugin v27.3 - https:\/\/yoast.com\/product\/yoast-seo-wordpress\/ -->\n<title>Contact : contact - Les Parkings de la Durance<\/title>\n<meta name=\"description\" content=\"Formulaire de contact de la SCI Les parkings de la Durance \u00e0 Paris dans le 12\u00e8me arrondissement. Un parking s\u00e9curis\u00e9 dans le 75012\" \/>\n<meta name=\"robots\" content=\"index, follow, max-snippet:-1, max-image-preview:large, max-video-preview:-1\" \/>\n<link rel=\"canonical\" href=\"https:\/\/lesparkingsdeladurance.fr\/index.php\/contact\/\" \/>\n<meta property=\"og:locale\" content=\"fr_FR\" \/>\n<meta property=\"og:type\" content=\"article\" \/>\n<meta property=\"og:title\" content=\"Contact : contact - Les Parkings de la Durance\" \/>\n<meta property=\"og:description\" content=\"Formulaire de contact de la SCI Les parkings de la Durance \u00e0 Paris dans le 12\u00e8me arrondissement. Un parking s\u00e9curis\u00e9 dans le 75012\" \/>\n<meta property=\"og:url\" content=\"https:\/\/lesparkingsdeladurance.fr\/index.php\/contact\/\" \/>\n<meta property=\"og:site_name\" content=\"Les parkings de la Durance\" \/>\n<meta property=\"article:modified_time\" content=\"2024-05-02T09:36:47+00:00\" \/>\n<meta property=\"og:image\" content=\"https:\/\/lesparkingsdeladurance.fr\/wp-content\/uploads\/2024\/02\/visuel-2-bis-pour-site.jpg\" \/>\n\t<meta property=\"og:image:width\" content=\"1865\" \/>\n\t<meta property=\"og:image:height\" content=\"954\" \/>\n\t<meta property=\"og:image:type\" content=\"image\/jpeg\" \/>\n<meta name=\"twitter:card\" content=\"summary_large_image\" \/>\n<meta name=\"twitter:label1\" content=\"Dur\u00e9e de lecture estim\u00e9e\" \/>\n\t<meta name=\"twitter:data1\" content=\"1 minute\" \/>\n<script type=\"application\/ld+json\" class=\"yoast-schema-graph\">{\"@context\":\"https:\\\/\\\/schema.org\",\"@graph\":[{\"@type\":\"WebPage\",\"@id\":\"https:\\\/\\\/lesparkingsdeladurance.fr\\\/index.php\\\/contact\\\/\",\"url\":\"https:\\\/\\\/lesparkingsdeladurance.fr\\\/index.php\\\/contact\\\/\",\"name\":\"Contact : contact - Les Parkings de la Durance\",\"isPartOf\":{\"@id\":\"https:\\\/\\\/lesparkingsdeladurance.fr\\\/#website\"},\"primaryImageOfPage\":{\"@id\":\"https:\\\/\\\/lesparkingsdeladurance.fr\\\/index.php\\\/contact\\\/#primaryimage\"},\"image\":{\"@id\":\"https:\\\/\\\/lesparkingsdeladurance.fr\\\/index.php\\\/contact\\\/#primaryimage\"},\"thumbnailUrl\":\"https:\\\/\\\/lesparkingsdeladurance.fr\\\/wp-content\\\/uploads\\\/2024\\\/02\\\/visuel-2-bis-pour-site.jpg\",\"datePublished\":\"2024-02-15T09:21:03+00:00\",\"dateModified\":\"2024-05-02T09:36:47+00:00\",\"description\":\"Formulaire de contact de la SCI Les parkings de la Durance \u00e0 Paris dans le 12\u00e8me arrondissement. Un parking s\u00e9curis\u00e9 dans le 75012\",\"breadcrumb\":{\"@id\":\"https:\\\/\\\/lesparkingsdeladurance.fr\\\/index.php\\\/contact\\\/#breadcrumb\"},\"inLanguage\":\"fr-FR\",\"potentialAction\":[{\"@type\":\"ReadAction\",\"target\":[\"https:\\\/\\\/lesparkingsdeladurance.fr\\\/index.php\\\/contact\\\/\"]}]},{\"@type\":\"ImageObject\",\"inLanguage\":\"fr-FR\",\"@id\":\"https:\\\/\\\/lesparkingsdeladurance.fr\\\/index.php\\\/contact\\\/#primaryimage\",\"url\":\"https:\\\/\\\/lesparkingsdeladurance.fr\\\/wp-content\\\/uploads\\\/2024\\\/02\\\/visuel-2-bis-pour-site.jpg\",\"contentUrl\":\"https:\\\/\\\/lesparkingsdeladurance.fr\\\/wp-content\\\/uploads\\\/2024\\\/02\\\/visuel-2-bis-pour-site.jpg\",\"width\":1865,\"height\":954},{\"@type\":\"BreadcrumbList\",\"@id\":\"https:\\\/\\\/lesparkingsdeladurance.fr\\\/index.php\\\/contact\\\/#breadcrumb\",\"itemListElement\":[{\"@type\":\"ListItem\",\"position\":1,\"name\":\"Accueil\",\"item\":\"https:\\\/\\\/lesparkingsdeladurance.fr\\\/\"},{\"@type\":\"ListItem\",\"position\":2,\"name\":\"Contact :\"}]},{\"@type\":\"WebSite\",\"@id\":\"https:\\\/\\\/lesparkingsdeladurance.fr\\\/#website\",\"url\":\"https:\\\/\\\/lesparkingsdeladurance.fr\\\/\",\"name\":\"Les parkings de la Durance\",\"description\":\"Votre parking s\u00e9curis\u00e9 \u00e0 Paris 75012\",\"publisher\":{\"@id\":\"https:\\\/\\\/lesparkingsdeladurance.fr\\\/#organization\"},\"potentialAction\":[{\"@type\":\"SearchAction\",\"target\":{\"@type\":\"EntryPoint\",\"urlTemplate\":\"https:\\\/\\\/lesparkingsdeladurance.fr\\\/?s={search_term_string}\"},\"query-input\":{\"@type\":\"PropertyValueSpecification\",\"valueRequired\":true,\"valueName\":\"search_term_string\"}}],\"inLanguage\":\"fr-FR\"},{\"@type\":\"Organization\",\"@id\":\"https:\\\/\\\/lesparkingsdeladurance.fr\\\/#organization\",\"name\":\"Les parkings de la Durance\",\"url\":\"https:\\\/\\\/lesparkingsdeladurance.fr\\\/\",\"logo\":{\"@type\":\"ImageObject\",\"inLanguage\":\"fr-FR\",\"@id\":\"https:\\\/\\\/lesparkingsdeladurance.fr\\\/#\\\/schema\\\/logo\\\/image\\\/\",\"url\":\"https:\\\/\\\/lesparkingsdeladurance.fr\\\/wp-content\\\/uploads\\\/2024\\\/02\\\/cropped-grand-logo-parking-de-la-durance.jpg\",\"contentUrl\":\"https:\\\/\\\/lesparkingsdeladurance.fr\\\/wp-content\\\/uploads\\\/2024\\\/02\\\/cropped-grand-logo-parking-de-la-durance.jpg\",\"width\":863,\"height\":250,\"caption\":\"Les parkings de la Durance\"},\"image\":{\"@id\":\"https:\\\/\\\/lesparkingsdeladurance.fr\\\/#\\\/schema\\\/logo\\\/image\\\/\"}}]}<\/script>\n<!-- \/ Yoast SEO plugin. -->","yoast_head_json":{"title":"Contact : contact - Les Parkings de la Durance","description":"Formulaire de contact de la SCI Les parkings de la Durance \u00e0 Paris dans le 12\u00e8me arrondissement. Un parking s\u00e9curis\u00e9 dans le 75012","robots":{"index":"index","follow":"follow","max-snippet":"max-snippet:-1","max-image-preview":"max-image-preview:large","max-video-preview":"max-video-preview:-1"},"canonical":"https:\/\/lesparkingsdeladurance.fr\/index.php\/contact\/","og_locale":"fr_FR","og_type":"article","og_title":"Contact : contact - Les Parkings de la Durance","og_description":"Formulaire de contact de la SCI Les parkings de la Durance \u00e0 Paris dans le 12\u00e8me arrondissement. Un parking s\u00e9curis\u00e9 dans le 75012","og_url":"https:\/\/lesparkingsdeladurance.fr\/index.php\/contact\/","og_site_name":"Les parkings de la Durance","article_modified_time":"2024-05-02T09:36:47+00:00","og_image":[{"width":1865,"height":954,"url":"https:\/\/lesparkingsdeladurance.fr\/wp-content\/uploads\/2024\/02\/visuel-2-bis-pour-site.jpg","type":"image\/jpeg"}],"twitter_card":"summary_large_image","twitter_misc":{"Dur\u00e9e de lecture estim\u00e9e":"1 minute"},"schema":{"@context":"https:\/\/schema.org","@graph":[{"@type":"WebPage","@id":"https:\/\/lesparkingsdeladurance.fr\/index.php\/contact\/","url":"https:\/\/lesparkingsdeladurance.fr\/index.php\/contact\/","name":"Contact : contact - Les Parkings de la Durance","isPartOf":{"@id":"https:\/\/lesparkingsdeladurance.fr\/#website"},"primaryImageOfPage":{"@id":"https:\/\/lesparkingsdeladurance.fr\/index.php\/contact\/#primaryimage"},"image":{"@id":"https:\/\/lesparkingsdeladurance.fr\/index.php\/contact\/#primaryimage"},"thumbnailUrl":"https:\/\/lesparkingsdeladurance.fr\/wp-content\/uploads\/2024\/02\/visuel-2-bis-pour-site.jpg","datePublished":"2024-02-15T09:21:03+00:00","dateModified":"2024-05-02T09:36:47+00:00","description":"Formulaire de contact de la SCI Les parkings de la Durance \u00e0 Paris dans le 12\u00e8me arrondissement. Un parking s\u00e9curis\u00e9 dans le 75012","breadcrumb":{"@id":"https:\/\/lesparkingsdeladurance.fr\/index.php\/contact\/#breadcrumb"},"inLanguage":"fr-FR","potentialAction":[{"@type":"ReadAction","target":["https:\/\/lesparkingsdeladurance.fr\/index.php\/contact\/"]}]},{"@type":"ImageObject","inLanguage":"fr-FR","@id":"https:\/\/lesparkingsdeladurance.fr\/index.php\/contact\/#primaryimage","url":"https:\/\/lesparkingsdeladurance.fr\/wp-content\/uploads\/2024\/02\/visuel-2-bis-pour-site.jpg","contentUrl":"https:\/\/lesparkingsdeladurance.fr\/wp-content\/uploads\/2024\/02\/visuel-2-bis-pour-site.jpg","width":1865,"height":954},{"@type":"BreadcrumbList","@id":"https:\/\/lesparkingsdeladurance.fr\/index.php\/contact\/#breadcrumb","itemListElement":[{"@type":"ListItem","position":1,"name":"Accueil","item":"https:\/\/lesparkingsdeladurance.fr\/"},{"@type":"ListItem","position":2,"name":"Contact :"}]},{"@type":"WebSite","@id":"https:\/\/lesparkingsdeladurance.fr\/#website","url":"https:\/\/lesparkingsdeladurance.fr\/","name":"Les parkings de la Durance","description":"Votre parking s\u00e9curis\u00e9 \u00e0 Paris 75012","publisher":{"@id":"https:\/\/lesparkingsdeladurance.fr\/#organization"},"potentialAction":[{"@type":"SearchAction","target":{"@type":"EntryPoint","urlTemplate":"https:\/\/lesparkingsdeladurance.fr\/?s={search_term_string}"},"query-input":{"@type":"PropertyValueSpecification","valueRequired":true,"valueName":"search_term_string"}}],"inLanguage":"fr-FR"},{"@type":"Organization","@id":"https:\/\/lesparkingsdeladurance.fr\/#organization","name":"Les parkings de la Durance","url":"https:\/\/lesparkingsdeladurance.fr\/","logo":{"@type":"ImageObject","inLanguage":"fr-FR","@id":"https:\/\/lesparkingsdeladurance.fr\/#\/schema\/logo\/image\/","url":"https:\/\/lesparkingsdeladurance.fr\/wp-content\/uploads\/2024\/02\/cropped-grand-logo-parking-de-la-durance.jpg","contentUrl":"https:\/\/lesparkingsdeladurance.fr\/wp-content\/uploads\/2024\/02\/cropped-grand-logo-parking-de-la-durance.jpg","width":863,"height":250,"caption":"Les parkings de la Durance"},"image":{"@id":"https:\/\/lesparkingsdeladurance.fr\/#\/schema\/logo\/image\/"}}]}},"_links":{"self":[{"href":"https:\/\/lesparkingsdeladurance.fr\/index.php\/wp-json\/wp\/v2\/pages\/8","targetHints":{"allow":["GET"]}}],"collection":[{"href":"https:\/\/lesparkingsdeladurance.fr\/index.php\/wp-json\/wp\/v2\/pages"}],"about":[{"href":"https:\/\/lesparkingsdeladurance.fr\/index.php\/wp-json\/wp\/v2\/types\/page"}],"author":[{"embeddable":true,"href":"https:\/\/lesparkingsdeladurance.fr\/index.php\/wp-json\/wp\/v2\/users\/2"}],"replies":[{"embeddable":true,"href":"https:\/\/lesparkingsdeladurance.fr\/index.php\/wp-json\/wp\/v2\/comments?post=8"}],"version-history":[{"count":14,"href":"https:\/\/lesparkingsdeladurance.fr\/index.php\/wp-json\/wp\/v2\/pages\/8\/revisions"}],"predecessor-version":[{"id":83,"href":"https:\/\/lesparkingsdeladurance.fr\/index.php\/wp-json\/wp\/v2\/pages\/8\/revisions\/83"}],"wp:featuredmedia":[{"embeddable":true,"href":"https:\/\/lesparkingsdeladurance.fr\/index.php\/wp-json\/wp\/v2\/media\/38"}],"wp:attachment":[{"href":"https:\/\/lesparkingsdeladurance.fr\/index.php\/wp-json\/wp\/v2\/media?parent=8"}],"curies":[{"name":"wp","href":"https:\/\/api.w.org\/{rel}","templated":true}]}}